{"id":167,"date":"2026-02-20T14:42:48","date_gmt":"2026-02-20T19:42:48","guid":{"rendered":"https:\/\/mgrenier.dectim.ca\/wordpress\/?page_id=167"},"modified":"2026-04-28T15:23:47","modified_gmt":"2026-04-28T19:23:47","slug":"membre-2","status":"publish","type":"page","link":"https:\/\/mgrenier.dectim.ca\/wordpress\/membre-2\/","title":{"rendered":"membre 2"},"content":{"rendered":"\n<div class=\"wp-block-group alignfull has-ast-global-color-0-background-color has-background is-layout-constrained wp-block-group-is-layout-constrained\">\n<div class=\"wp-block-columns alignwide are-vertically-aligned-bottom is-layout-flex wp-container-core-columns-is-layout-28f84493 wp-block-columns-is-layout-flex\">\n<div class=\"wp-block-column is-vertically-aligned-bottom animated slideInLeft is-layout-flow wp-block-column-is-layout-flow\" style=\"flex-basis:50%\">\n<div class=\"wp-block-group is-layout-constrained wp-container-core-group-is-layout-19e250f3 wp-block-group-is-layout-constrained\">\n<h1 class=\"wp-block-heading\">Rosalia Green<\/h1>\n\n\n\n<h2 class=\"wp-block-heading has-large-font-size\">Gestionnaire des contenus<\/h2>\n<\/div>\n\n\n\n<hr class=\"wp-block-separator has-alpha-channel-opacity is-style-wide\"\/>\n\n\n\n<div class=\"wp-block-group has-ast-global-color-1-background-color has-background is-layout-constrained wp-container-core-group-is-layout-da4f2bcd wp-block-group-is-layout-constrained\" style=\"border-top-left-radius:20px;border-top-right-radius:20px;border-bottom-left-radius:20px;border-bottom-right-radius:20px;padding-top:var(--wp--preset--spacing--60);padding-right:var(--wp--preset--spacing--60);padding-bottom:var(--wp--preset--spacing--60);padding-left:var(--wp--preset--spacing--60)\">\n<div class=\"wp-block-group is-layout-constrained wp-block-group-is-layout-constrained\" style=\"padding-top:var(--wp--preset--spacing--40);padding-bottom:var(--wp--preset--spacing--40)\">\n<p style=\"margin-top:0;margin-bottom:0\"><strong>Description<\/strong><\/p>\n\n\n\n<p style=\"margin-top:0;margin-bottom:0\">Notre gestionnaire des contenus valide la documentation historique et permet au Mus\u00e9e VR la diffusion et la pr\u00e9sentation de contenus ad\u00e9quats, v\u00e9rifi\u00e9s et exacts quant \u00e0 leur authenticit\u00e9.<\/p>\n\n\n\n<p>Son r\u00f4le est aussi de r\u00e9diger la mani\u00e8re dont les interactions doivent pr\u00e9senter le contenu. Elle assure la diversification et la gestion des diffusions et des interactions. Elle veille \u00e0 ce que la documentation soit bien repr\u00e9sent\u00e9e et que les informations ne soient pas d\u00e9form\u00e9es ni biais\u00e9es.<\/p>\n\n\n\n<p>Rosalia Green est un pilier majeur du Mus\u00e9e VR, car elle assure l&rsquo;authenticit\u00e9 et la notori\u00e9t\u00e9 du mus\u00e9e. De plus, elle cr\u00e9dibilise la p\u00e9dagogie de notre mus\u00e9e et d\u00e9montre notre engagement quant \u00e0 la validation de nos pr\u00e9sentations et interactions.<\/p>\n<\/div>\n\n\n\n<div class=\"wp-block-group is-layout-constrained wp-container-core-group-is-layout-be04af43 wp-block-group-is-layout-constrained\" style=\"margin-top:0;margin-bottom:0\">\n<p style=\"margin-top:0;margin-bottom:0;padding-top:0;padding-bottom:0\"><strong>T\u00e2ches principales<\/strong><\/p>\n\n\n\n<ul style=\"margin-top:0;margin-bottom:0\" class=\"wp-block-list\">\n<li>Classer et \u00e9tiqueter des dossiers selon le syst\u00e8me de classification.<\/li>\n\n\n\n<li>\u00c9valuer la mani\u00e8re dont l&rsquo;information est diffus\u00e9e.<\/li>\n\n\n\n<li>Consultation de documents.<\/li>\n\n\n\n<li>G\u00e9rer l&rsquo;acc\u00e8s et assurer la confidentialit\u00e9 des renseignements personnels.<\/li>\n\n\n\n<li>Num\u00e9riser et convertir des documents.<\/li>\n\n\n\n<li>Assurer la bonne diffusion des informations au public.<\/li>\n\n\n\n<li>\u00c9liminer des documents selon le calendrier d&rsquo;expiration et politiques internes.<\/li>\n<\/ul>\n<\/div>\n<\/div>\n<\/div>\n\n\n\n<div class=\"wp-block-column is-vertically-aligned-bottom animated slideInRight is-layout-flow wp-container-core-column-is-layout-92c44e9e wp-block-column-is-layout-flow\" style=\"padding-top:0;padding-bottom:0;flex-basis:50%\">\n<figure class=\"wp-block-image size-full has-custom-border is-style-default\" style=\"margin-top:0;margin-right:0;margin-bottom:0;margin-left:0\"><img loading=\"lazy\" decoding=\"async\" width=\"1707\" height=\"1707\" src=\"https:\/\/mgrenier.dectim.ca\/wordpress\/wp-content\/uploads\/2026\/03\/pexels-alex-green-5699505-scaled-1-edited.jpg\" alt=\"\" class=\"wp-image-1233\" style=\"border-style:none;border-width:0px;border-top-left-radius:20px;border-top-right-radius:20px\" srcset=\"https:\/\/mgrenier.dectim.ca\/wordpress\/wp-content\/uploads\/2026\/03\/pexels-alex-green-5699505-scaled-1-edited.jpg 1707w, https:\/\/mgrenier.dectim.ca\/wordpress\/wp-content\/uploads\/2026\/03\/pexels-alex-green-5699505-scaled-1-edited-300x300.jpg 300w, https:\/\/mgrenier.dectim.ca\/wordpress\/wp-content\/uploads\/2026\/03\/pexels-alex-green-5699505-scaled-1-edited-1024x1024.jpg 1024w, https:\/\/mgrenier.dectim.ca\/wordpress\/wp-content\/uploads\/2026\/03\/pexels-alex-green-5699505-scaled-1-edited-150x150.jpg 150w, https:\/\/mgrenier.dectim.ca\/wordpress\/wp-content\/uploads\/2026\/03\/pexels-alex-green-5699505-scaled-1-edited-768x768.jpg 768w, https:\/\/mgrenier.dectim.ca\/wordpress\/wp-content\/uploads\/2026\/03\/pexels-alex-green-5699505-scaled-1-edited-1536x1536.jpg 1536w, https:\/\/mgrenier.dectim.ca\/wordpress\/wp-content\/uploads\/2026\/03\/pexels-alex-green-5699505-scaled-1-edited-500x500.jpg 500w, https:\/\/mgrenier.dectim.ca\/wordpress\/wp-content\/uploads\/2026\/03\/pexels-alex-green-5699505-scaled-1-edited-800x800.jpg 800w, https:\/\/mgrenier.dectim.ca\/wordpress\/wp-content\/uploads\/2026\/03\/pexels-alex-green-5699505-scaled-1-edited-1280x1280.jpg 1280w\" sizes=\"auto, (max-width: 1707px) 100vw, 1707px\" \/><\/figure>\n\n\n\n<div class=\"wp-block-group has-ast-global-color-1-background-color has-background is-layout-constrained wp-container-core-group-is-layout-b9a6fcd4 wp-block-group-is-layout-constrained\" style=\"border-top-left-radius:0px;border-top-right-radius:0px;border-bottom-left-radius:20px;border-bottom-right-radius:20px;margin-top:0;margin-bottom:0;padding-top:0;padding-right:0;padding-bottom:0rem;padding-left:0\">\n<div class=\"wp-block-group is-vertical is-content-justification-stretch is-layout-flex wp-container-core-group-is-layout-3e4c2df3 wp-block-group-is-layout-flex\" style=\"border-top-left-radius:0px;border-top-right-radius:0px;border-bottom-left-radius:0px;border-bottom-right-radius:0px;margin-top:0;margin-bottom:0;padding-top:var(--wp--preset--spacing--60);padding-right:var(--wp--preset--spacing--40);padding-bottom:var(--wp--preset--spacing--60);padding-left:var(--wp--preset--spacing--40)\">\n<div class=\"wp-block-columns are-vertically-aligned-top is-layout-flex wp-container-core-columns-is-layout-7c484b02 wp-block-columns-is-layout-flex\" style=\"margin-top:0;margin-bottom:-15px;padding-right:0;padding-left:0\">\n<div class=\"wp-block-column is-vertically-aligned-top is-layout-flow wp-block-column-is-layout-flow\">\n<div\n\tclass=\"wp-block-buntywp-toggle-content\"\tdata-wp-interactive=\"buntywp\/toggle-content\"\n\tdata-wp-context='{\"post_id\":167,\"labelLeft\":\"Soft skills\",\"labelRight\":\" \",\"activeSide\":\"left\"}'>\n\t<div class=\"left\" data-wp-bind--class=\"context.activeSide\">\n\t\t<div class=\"toggle-buttons\">\n\t\t\t<span class=\"toggle-label\" data-wp-text=\"context.labelLeft\">Soft skills<\/span>\n\t\t\t<button class=\"toggle-switch\" type=\"button\" data-wp-bind--aria-label=\"Toggle\" data-wp-on--click=\"actions.toggleContent\"><\/button>\n\t\t\t<span class=\"toggle-label\" data-wp-text=\"context.labelRight\"> <\/span>\n\t\t<\/div>\n\t\t<div class=\"block-editor-inner-blocks 333\">\n\t\t\t\n\n<div class=\"wp-block-buntywp-left-toggle-content toggle-content\"><div><\/div><\/div>\n\n\n\n<div class=\"wp-block-buntywp-right-toggle-content toggle-content\"><div>\n<ul style=\"margin-top:0;margin-bottom:0\" class=\"wp-block-list\">\n<li>Apprentissage actif.<\/li>\n\n\n\n<li>Orientation sociale.<\/li>\n\n\n\n<li>Leadership.<\/li>\n\n\n\n<li>Pr\u00e9occupation des autres.<\/li>\n\n\n\n<li>Collaboration.<\/li>\n\n\n\n<li>Adaptabilit\u00e9.<\/li>\n\n\n\n<li>Pens\u00e9e analytique.<\/li>\n\n\n\n<li>Souci du d\u00e9tail.<\/li>\n\n\n\n<li>Esprit d&rsquo;innovation.<\/li>\n<\/ul>\n<\/div><\/div>\n\n\t\t<\/div>\n\t<\/div>\n<\/div>\n<\/div>\n\n\n\n<div class=\"wp-block-column is-vertically-aligned-top is-layout-flow wp-block-column-is-layout-flow\">\n<div\n\tclass=\"wp-block-buntywp-toggle-content\"\tdata-wp-interactive=\"buntywp\/toggle-content\"\n\tdata-wp-context='{\"post_id\":167,\"labelLeft\":\"Hard skills\",\"labelRight\":\" \",\"activeSide\":\"left\"}'>\n\t<div class=\"left\" data-wp-bind--class=\"context.activeSide\">\n\t\t<div class=\"toggle-buttons\">\n\t\t\t<span class=\"toggle-label\" data-wp-text=\"context.labelLeft\">Hard skills<\/span>\n\t\t\t<button class=\"toggle-switch\" type=\"button\" data-wp-bind--aria-label=\"Toggle\" data-wp-on--click=\"actions.toggleContent\"><\/button>\n\t\t\t<span class=\"toggle-label\" data-wp-text=\"context.labelRight\"> <\/span>\n\t\t<\/div>\n\t\t<div class=\"block-editor-inner-blocks 333\">\n\t\t\t\n\n<div class=\"wp-block-buntywp-left-toggle-content toggle-content\"><div><\/div><\/div>\n\n\n\n<div class=\"wp-block-buntywp-right-toggle-content toggle-content\"><div>\n<ul style=\"margin-top:0;margin-bottom:0\" class=\"wp-block-list\">\n<li>R\u00e9daction.<\/li>\n\n\n\n<li>Instruire.<\/li>\n\n\n\n<li>Compr\u00e9hension de lecture.<\/li>\n\n\n\n<li>Compr\u00e9hension orale.<\/li>\n\n\n\n<li>Expression orale.<\/li>\n\n\n\n<li>Pens\u00e9e critique.<\/li>\n\n\n\n<li>Strat\u00e9gie d&rsquo;apprentissage et d&rsquo;enseignement.<\/li>\n\n\n\n<li>Coordination.<\/li>\n\n\n\n<li>Suivi de performance.<\/li>\n\n\n\n<li>Gestion du temps.<\/li>\n<\/ul>\n<\/div><\/div>\n\n\t\t<\/div>\n\t<\/div>\n<\/div>\n<\/div>\n<\/div>\n\n\n\n<div class=\"wp-block-group is-layout-constrained wp-block-group-is-layout-constrained\">\n<p style=\"margin-top:0;margin-bottom:0\"><strong>Formation<\/strong> :<\/p>\n\n\n\n<p style=\"margin-top:0;margin-bottom:0\"><strong>DEC<\/strong> en science humaine et en technique de bureautique et\/ou de la documentation.<\/p>\n\n\n\n<p style=\"margin-top:0;margin-bottom:0\"><strong>BAC<\/strong> en sciences de l&rsquo;information, en histoire, en biblioth\u00e9conomie et\/ou en gestion de l&rsquo;information.<\/p>\n\n\n\n<p style=\"margin-top:0;margin-bottom:0\"><strong>Ma\u00eetrise<\/strong> en archiviste et\/ou en histoire.<\/p>\n<\/div>\n\n\n\n<p><strong>Salaire moyen<\/strong> : 75 081 $ \u2013 85 060 $ \/ an. (Qu\u00e9bec)<\/p>\n\n\n\n<p><strong>Perspectives d&#8217;emploi<\/strong> <strong>2024 &#8211; 2028<\/strong> : Forte demande.<\/p>\n\n\n\n<p><strong>T\u00e9moignage de l\u2019employ\u00e9 <\/strong>: \u00ab La technologie doit servir la transmission du savoir. \u00bb<\/p>\n<\/div>\n<\/div>\n<\/div>\n<\/div>\n\n\n\n<div class=\"wp-block-group is-content-justification-center is-nowrap is-layout-flex wp-container-core-group-is-layout-4de3b7e6 wp-block-group-is-layout-flex\">\n<p class=\"has-text-align-center has-ast-global-color-1-color has-text-color has-link-color wp-elements-956fbae30b11b544d972d9f4e1727130\"><a href=\"https:\/\/mgrenier.dectim.ca\/wordpress\/mon-equipe\/\" data-type=\"link\" data-id=\"https:\/\/mgrenier.dectim.ca\/wordpress\/mon-equipe\/\"><strong>Retourner \u00e0 nos membres<\/strong><\/a><\/p>\n<\/div>\n<\/div>\n\n\n\n<div class=\"wp-block-group alignfull has-ast-global-color-0-background-color has-background is-layout-constrained wp-block-group-is-layout-constrained\">\n<div class=\"wp-block-group has-ast-global-color-0-background-color has-background is-layout-flow wp-block-group-is-layout-flow\">\n<div class=\"wp-block-columns are-vertically-aligned-center is-layout-flex wp-container-core-columns-is-layout-28f84493 wp-block-columns-is-layout-flex\">\n<div class=\"wp-block-column is-vertically-aligned-center is-layout-flow wp-block-column-is-layout-flow\" style=\"flex-basis:25%\">\n<h1 class=\"wp-block-heading has-text-align-center animated slideInLeft\" style=\"font-size:60px\">Mus\u00e9e VR<\/h1>\n<\/div>\n\n\n\n<div class=\"wp-block-column is-vertically-aligned-center is-layout-flow wp-block-column-is-layout-flow\" style=\"border-right-color:var(--wp--preset--color--ast-global-color-4);border-right-width:2px;border-left-color:var(--wp--preset--color--ast-global-color-4);border-left-width:2px;flex-basis:50%\">\n<div class=\"wp-block-columns are-vertically-aligned-center is-layout-flex wp-container-core-columns-is-layout-28f84493 wp-block-columns-is-layout-flex\">\n<div class=\"wp-block-column is-vertically-aligned-center animated zoomIn is-layout-flow wp-container-core-column-is-layout-470e7e12 wp-block-column-is-layout-flow\" style=\"padding-top:0;padding-right:0;padding-bottom:0;padding-left:0\">\n<p class=\"has-text-align-center has-ast-global-color-2-color has-text-color has-link-color wp-elements-abec81c3da28a8ac32e86624d43cf19b\" style=\"font-size:20px\"><a href=\"https:\/\/mgrenier.dectim.ca\/wordpress\/\" data-type=\"page\" data-id=\"10\">Accueil<\/a><\/p>\n\n\n\n<p class=\"has-text-align-center has-ast-global-color-2-color has-text-color has-link-color wp-elements-6a344f8f93dd08c5713b78573128a601\" style=\"font-size:20px\"><a href=\"https:\/\/mgrenier.dectim.ca\/wordpress\/a-propos\/\" data-type=\"page\" data-id=\"13\">\u00c0 propos<\/a><\/p>\n\n\n\n<p class=\"has-text-align-center has-ast-global-color-2-color has-text-color has-link-color wp-elements-a96935e7d15959564dced45612c7505e\" style=\"margin-bottom:0;font-size:20px\"><a href=\"https:\/\/mgrenier.dectim.ca\/wordpress\/mon-equipe\/\" data-type=\"page\" data-id=\"145\">\u00c9quipe<\/a><\/p>\n<\/div>\n\n\n\n<div class=\"wp-block-column is-vertically-aligned-center animated zoomIn is-layout-flow wp-block-column-is-layout-flow\">\n<p class=\"has-text-align-center has-ast-global-color-2-color has-text-color has-link-color wp-elements-04db6868ee8d0ce448c87f98f20e7242\" style=\"font-size:20px\"><a href=\"https:\/\/mgrenier.dectim.ca\/wordpress\/produit\/\" data-type=\"page\" data-id=\"203\">Produit<\/a><\/p>\n\n\n\n<p class=\"has-text-align-center has-ast-global-color-2-color has-text-color has-link-color wp-elements-351d6008a62de74b3d90178b5518209b\" style=\"font-size:20px\"><a href=\"https:\/\/mgrenier.dectim.ca\/wordpress\/portfolio\/\" data-type=\"page\" data-id=\"611\">Portfolio<\/a><\/p>\n\n\n\n<p class=\"has-text-align-center has-ast-global-color-2-color has-text-color has-link-color wp-elements-080808abcff31d7a489816007d588056\" style=\"margin-bottom:0;font-size:20px\"><a href=\"https:\/\/mgrenier.dectim.ca\/wordpress\/contact\/\" data-type=\"page\" data-id=\"15\">Contact<\/a><\/p>\n<\/div>\n<\/div>\n<\/div>\n\n\n\n<div class=\"wp-block-column is-vertically-aligned-center animated slideInRight is-layout-flow wp-block-column-is-layout-flow\" style=\"flex-basis:25%\">\n<ul class=\"wp-block-social-links has-normal-icon-size has-icon-color has-icon-background-color is-style-default is-horizontal is-content-justification-center is-layout-flex wp-container-core-social-links-is-layout-03627597 wp-block-social-links-is-layout-flex\" style=\"border-top-left-radius:0px;border-top-right-radius:0px;border-bottom-left-radius:0px;border-bottom-right-radius:0px\"><li style=\"color:var(--ast-global-color-0);background-color:var(--ast-global-color-2);\" class=\"wp-social-link wp-social-link-instagram has-ast-global-color-0-color has-ast-global-color-2-background-color wp-block-social-link\"><a rel=\"noopener nofollow\" target=\"_blank\" href=\"https:\/\/www.instagram.com\/?hl=fr\" class=\"wp-block-social-link-anchor\"><svg width=\"24\" height=\"24\" viewBox=\"0 0 24 24\" version=\"1.1\" xmlns=\"http:\/\/www.w3.org\/2000\/svg\" aria-hidden=\"true\" focusable=\"false\"><path d=\"M12,4.622c2.403,0,2.688,0.009,3.637,0.052c0.877,0.04,1.354,0.187,1.671,0.31c0.42,0.163,0.72,0.358,1.035,0.673 c0.315,0.315,0.51,0.615,0.673,1.035c0.123,0.317,0.27,0.794,0.31,1.671c0.043,0.949,0.052,1.234,0.052,3.637 s-0.009,2.688-0.052,3.637c-0.04,0.877-0.187,1.354-0.31,1.671c-0.163,0.42-0.358,0.72-0.673,1.035 c-0.315,0.315-0.615,0.51-1.035,0.673c-0.317,0.123-0.794,0.27-1.671,0.31c-0.949,0.043-1.233,0.052-3.637,0.052 s-2.688-0.009-3.637-0.052c-0.877-0.04-1.354-0.187-1.671-0.31c-0.42-0.163-0.72-0.358-1.035-0.673 c-0.315-0.315-0.51-0.615-0.673-1.035c-0.123-0.317-0.27-0.794-0.31-1.671C4.631,14.688,4.622,14.403,4.622,12 s0.009-2.688,0.052-3.637c0.04-0.877,0.187-1.354,0.31-1.671c0.163-0.42,0.358-0.72,0.673-1.035 c0.315-0.315,0.615-0.51,1.035-0.673c0.317-0.123,0.794-0.27,1.671-0.31C9.312,4.631,9.597,4.622,12,4.622 M12,3 C9.556,3,9.249,3.01,8.289,3.054C7.331,3.098,6.677,3.25,6.105,3.472C5.513,3.702,5.011,4.01,4.511,4.511 c-0.5,0.5-0.808,1.002-1.038,1.594C3.25,6.677,3.098,7.331,3.054,8.289C3.01,9.249,3,9.556,3,12c0,2.444,0.01,2.751,0.054,3.711 c0.044,0.958,0.196,1.612,0.418,2.185c0.23,0.592,0.538,1.094,1.038,1.594c0.5,0.5,1.002,0.808,1.594,1.038 c0.572,0.222,1.227,0.375,2.185,0.418C9.249,20.99,9.556,21,12,21s2.751-0.01,3.711-0.054c0.958-0.044,1.612-0.196,2.185-0.418 c0.592-0.23,1.094-0.538,1.594-1.038c0.5-0.5,0.808-1.002,1.038-1.594c0.222-0.572,0.375-1.227,0.418-2.185 C20.99,14.751,21,14.444,21,12s-0.01-2.751-0.054-3.711c-0.044-0.958-0.196-1.612-0.418-2.185c-0.23-0.592-0.538-1.094-1.038-1.594 c-0.5-0.5-1.002-0.808-1.594-1.038c-0.572-0.222-1.227-0.375-2.185-0.418C14.751,3.01,14.444,3,12,3L12,3z M12,7.378 c-2.552,0-4.622,2.069-4.622,4.622S9.448,16.622,12,16.622s4.622-2.069,4.622-4.622S14.552,7.378,12,7.378z M12,15 c-1.657,0-3-1.343-3-3s1.343-3,3-3s3,1.343,3,3S13.657,15,12,15z M16.804,6.116c-0.596,0-1.08,0.484-1.08,1.08 s0.484,1.08,1.08,1.08c0.596,0,1.08-0.484,1.08-1.08S17.401,6.116,16.804,6.116z\"><\/path><\/svg><span class=\"wp-block-social-link-label screen-reader-text\">Instagram<\/span><\/a><\/li>\n\n<li style=\"color:var(--ast-global-color-0);background-color:var(--ast-global-color-2);\" class=\"wp-social-link wp-social-link-facebook has-ast-global-color-0-color has-ast-global-color-2-background-color wp-block-social-link\"><a rel=\"noopener nofollow\" target=\"_blank\" href=\"https:\/\/www.facebook.com\/?locale=fr_CA\" class=\"wp-block-social-link-anchor\"><svg width=\"24\" height=\"24\" viewBox=\"0 0 24 24\" version=\"1.1\" xmlns=\"http:\/\/www.w3.org\/2000\/svg\" aria-hidden=\"true\" focusable=\"false\"><path d=\"M12 2C6.5 2 2 6.5 2 12c0 5 3.7 9.1 8.4 9.9v-7H7.9V12h2.5V9.8c0-2.5 1.5-3.9 3.8-3.9 1.1 0 2.2.2 2.2.2v2.5h-1.3c-1.2 0-1.6.8-1.6 1.6V12h2.8l-.4 2.9h-2.3v7C18.3 21.1 22 17 22 12c0-5.5-4.5-10-10-10z\"><\/path><\/svg><span class=\"wp-block-social-link-label screen-reader-text\">Facebook<\/span><\/a><\/li>\n\n<li style=\"color:var(--ast-global-color-0);background-color:var(--ast-global-color-2);\" class=\"wp-social-link wp-social-link-youtube has-ast-global-color-0-color has-ast-global-color-2-background-color wp-block-social-link\"><a rel=\"noopener nofollow\" target=\"_blank\" href=\"https:\/\/www.youtube.com\/\" class=\"wp-block-social-link-anchor\"><svg width=\"24\" height=\"24\" viewBox=\"0 0 24 24\" version=\"1.1\" xmlns=\"http:\/\/www.w3.org\/2000\/svg\" aria-hidden=\"true\" focusable=\"false\"><path d=\"M21.8,8.001c0,0-0.195-1.378-0.795-1.985c-0.76-0.797-1.613-0.801-2.004-0.847c-2.799-0.202-6.997-0.202-6.997-0.202 h-0.009c0,0-4.198,0-6.997,0.202C4.608,5.216,3.756,5.22,2.995,6.016C2.395,6.623,2.2,8.001,2.2,8.001S2,9.62,2,11.238v1.517 c0,1.618,0.2,3.237,0.2,3.237s0.195,1.378,0.795,1.985c0.761,0.797,1.76,0.771,2.205,0.855c1.6,0.153,6.8,0.201,6.8,0.201 s4.203-0.006,7.001-0.209c0.391-0.047,1.243-0.051,2.004-0.847c0.6-0.607,0.795-1.985,0.795-1.985s0.2-1.618,0.2-3.237v-1.517 C22,9.62,21.8,8.001,21.8,8.001z M9.935,14.594l-0.001-5.62l5.404,2.82L9.935,14.594z\"><\/path><\/svg><span class=\"wp-block-social-link-label screen-reader-text\">YouTube<\/span><\/a><\/li>\n\n<li style=\"color:var(--ast-global-color-0);background-color:var(--ast-global-color-2);\" class=\"wp-social-link wp-social-link-tiktok has-ast-global-color-0-color has-ast-global-color-2-background-color wp-block-social-link\"><a rel=\"noopener nofollow\" target=\"_blank\" href=\"https:\/\/www.tiktok.com\/fr-CA\/\" class=\"wp-block-social-link-anchor\"><svg width=\"24\" height=\"24\" viewBox=\"0 0 32 32\" version=\"1.1\" xmlns=\"http:\/\/www.w3.org\/2000\/svg\" aria-hidden=\"true\" focusable=\"false\"><path d=\"M16.708 0.027c1.745-0.027 3.48-0.011 5.213-0.027 0.105 2.041 0.839 4.12 2.333 5.563 1.491 1.479 3.6 2.156 5.652 2.385v5.369c-1.923-0.063-3.855-0.463-5.6-1.291-0.76-0.344-1.468-0.787-2.161-1.24-0.009 3.896 0.016 7.787-0.025 11.667-0.104 1.864-0.719 3.719-1.803 5.255-1.744 2.557-4.771 4.224-7.88 4.276-1.907 0.109-3.812-0.411-5.437-1.369-2.693-1.588-4.588-4.495-4.864-7.615-0.032-0.667-0.043-1.333-0.016-1.984 0.24-2.537 1.495-4.964 3.443-6.615 2.208-1.923 5.301-2.839 8.197-2.297 0.027 1.975-0.052 3.948-0.052 5.923-1.323-0.428-2.869-0.308-4.025 0.495-0.844 0.547-1.485 1.385-1.819 2.333-0.276 0.676-0.197 1.427-0.181 2.145 0.317 2.188 2.421 4.027 4.667 3.828 1.489-0.016 2.916-0.88 3.692-2.145 0.251-0.443 0.532-0.896 0.547-1.417 0.131-2.385 0.079-4.76 0.095-7.145 0.011-5.375-0.016-10.735 0.025-16.093z\" \/><\/svg><span class=\"wp-block-social-link-label screen-reader-text\">TikTok<\/span><\/a><\/li><\/ul>\n<\/div>\n<\/div>\n\n\n\n<hr class=\"wp-block-separator has-text-color has-ast-global-color-4-color has-alpha-channel-opacity has-ast-global-color-4-background-color has-background is-style-wide animated slideInUp\" style=\"margin-top:var(--wp--preset--spacing--60);margin-bottom:var(--wp--preset--spacing--60)\"\/>\n\n\n\n<p class=\"has-text-align-center animated slideInUp has-ast-global-color-4-color has-text-color has-link-color wp-elements-d2cee1fc46c1309abb7b2d6e36cb92e2\" style=\"font-size:12px\"><strong>Avis \u2014 projet \u00e9tudiant<\/strong> : Ce site a \u00e9t\u00e9 r\u00e9alis\u00e9 dans le cadre d\u2019un projet p\u00e9dagogique. L\u2019entreprise, le produit, les services, les prix et les sc\u00e9narios pr\u00e9sent\u00e9s dans ce site sont <strong>fictifs<\/strong>. Les contenus originaux (textes, design, maquettes, interface) demeurent la <strong>propri\u00e9t\u00e9 intellectuelle<\/strong> de leurs cr\u00e9ateur\u00b7rice\u00b7s. Les images, ic\u00f4nes et m\u00e9dias non originaux utilis\u00e9s sur ce site proviennent de sources sous licences <strong>Creative Commons<\/strong> (ou du domaine public) et sont cr\u00e9dit\u00e9s lorsque requis.<\/p>\n<\/div>\n<\/div>\n","protected":false},"excerpt":{"rendered":"<p>Rosalia Green Gestionnaire des contenus Description Notre gestionnaire des contenus valide la documentation historique et permet au Mus\u00e9e VR la [&hellip;]<\/p>\n","protected":false},"author":4,"featured_media":0,"parent":0,"menu_order":0,"comment_status":"closed","ping_status":"closed","template":"","meta":{"site-sidebar-layout":"default","site-content-layout":"","ast-site-content-layout":"default","site-content-style":"default","site-sidebar-style":"default","ast-global-header-display":"","ast-banner-title-visibility":"","ast-main-header-display":"","ast-hfb-above-header-display":"","ast-hfb-below-header-display":"","ast-hfb-mobile-header-display":"","site-post-title":"disabled","ast-breadcrumbs-content":"","ast-featured-img":"","footer-sml-layout":"","ast-disable-related-posts":"","theme-transparent-header-meta":"","adv-header-id-meta":"","stick-header-meta":"","header-above-stick-meta":"","header-main-stick-meta":"","header-below-stick-meta":"","astra-migrate-meta-layouts":"default","ast-page-background-enabled":"default","ast-page-background-meta":{"desktop":{"background-color":"var(--ast-global-color-5)","background-image":"","background-repeat":"repeat","background-position":"center center","background-size":"auto","background-attachment":"scroll","background-type":"","background-media":"","overlay-type":"","overlay-color":"","overlay-opacity":"","overlay-gradient":""},"tablet":{"background-color":"","background-image":"","background-repeat":"repeat","background-position":"center center","background-size":"auto","background-attachment":"scroll","background-type":"","background-media":"","overlay-type":"","overlay-color":"","overlay-opacity":"","overlay-gradient":""},"mobile":{"background-color":"","background-image":"","background-repeat":"repeat","background-position":"center center","background-size":"auto","background-attachment":"scroll","background-type":"","background-media":"","overlay-type":"","overlay-color":"","overlay-opacity":"","overlay-gradient":""}},"ast-content-background-meta":{"desktop":{"background-color":"var(--ast-global-color-4)","background-image":"","background-repeat":"repeat","background-position":"center center","background-size":"auto","background-attachment":"scroll","background-type":"","background-media":"","overlay-type":"","overlay-color":"","overlay-opacity":"","overlay-gradient":""},"tablet":{"background-color":"var(--ast-global-color-4)","background-image":"","background-repeat":"repeat","background-position":"center center","background-size":"auto","background-attachment":"scroll","background-type":"","background-media":"","overlay-type":"","overlay-color":"","overlay-opacity":"","overlay-gradient":""},"mobile":{"background-color":"var(--ast-global-color-4)","background-image":"","background-repeat":"repeat","background-position":"center center","background-size":"auto","background-attachment":"scroll","background-type":"","background-media":"","overlay-type":"","overlay-color":"","overlay-opacity":"","overlay-gradient":""}},"footnotes":""},"class_list":["post-167","page","type-page","status-publish","hentry"],"_links":{"self":[{"href":"https:\/\/mgrenier.dectim.ca\/wordpress\/wp-json\/wp\/v2\/pages\/167","targetHints":{"allow":["GET"]}}],"collection":[{"href":"https:\/\/mgrenier.dectim.ca\/wordpress\/wp-json\/wp\/v2\/pages"}],"about":[{"href":"https:\/\/mgrenier.dectim.ca\/wordpress\/wp-json\/wp\/v2\/types\/page"}],"author":[{"embeddable":true,"href":"https:\/\/mgrenier.dectim.ca\/wordpress\/wp-json\/wp\/v2\/users\/4"}],"replies":[{"embeddable":true,"href":"https:\/\/mgrenier.dectim.ca\/wordpress\/wp-json\/wp\/v2\/comments?post=167"}],"version-history":[{"count":38,"href":"https:\/\/mgrenier.dectim.ca\/wordpress\/wp-json\/wp\/v2\/pages\/167\/revisions"}],"predecessor-version":[{"id":1770,"href":"https:\/\/mgrenier.dectim.ca\/wordpress\/wp-json\/wp\/v2\/pages\/167\/revisions\/1770"}],"wp:attachment":[{"href":"https:\/\/mgrenier.dectim.ca\/wordpress\/wp-json\/wp\/v2\/media?parent=167"}],"curies":[{"name":"wp","href":"https:\/\/api.w.org\/{rel}","templated":true}]}}